{"id":9347,"date":"2024-04-29T21:35:49","date_gmt":"2024-04-29T18:35:49","guid":{"rendered":"http:\/\/trabzonsofrasi.com\/?page_id=9347"},"modified":"2024-05-27T21:09:00","modified_gmt":"2024-05-27T18:09:00","slug":"personel-imkanlari","status":"publish","type":"page","link":"http:\/\/trabzonsofrasi.com\/index.php\/personel-imkanlari\/","title":{"rendered":"Personel \u0130mkanlar\u0131"},"content":{"rendered":"\t\t<div data-elementor-type=\"wp-page\" data-elementor-id=\"9347\" class=\"elementor elementor-9347\">\n\t\t\t\t\t\t<section class=\"elementor-section elementor-top-section elementor-element elementor-element-722bbbc elementor-section-boxed elementor-section-height-default elementor-section-height-default wd-section-disabled\" data-id=\"722bbbc\" data-element_type=\"section\">\n\t\t\t\t\t\t<div class=\"elementor-container elementor-column-gap-default\">\n\t\t\t\t\t<div class=\"elementor-column elementor-col-100 elementor-top-column elementor-element elementor-element-a292c15\" data-id=\"a292c15\" data-element_type=\"column\">\n\t\t\t<div class=\"elementor-widget-wrap elementor-element-populated\">\n\t\t\t\t\t\t<div class=\"elementor-element elementor-element-fd94bc4 elementor-widget elementor-widget-heading\" data-id=\"fd94bc4\" data-element_type=\"widget\" data-widget_type=\"heading.default\">\n\t\t\t\t<div class=\"elementor-widget-container\">\n\t\t\t\t\t<h2 class=\"elementor-heading-title elementor-size-default\"><span class=\"s2\">TRABZON SOFRASI PERSONEL HAKLARI B\u0130LD\u0130RGES\u0130<\/span><\/h2>\t\t\t\t<\/div>\n\t\t\t\t<\/div>\n\t\t\t\t\t<\/div>\n\t\t<\/div>\n\t\t\t\t\t<\/div>\n\t\t<\/section>\n\t\t\t\t<section class=\"elementor-section elementor-top-section elementor-element elementor-element-d40434e elementor-section-boxed elementor-section-height-default elementor-section-height-default wd-section-disabled\" data-id=\"d40434e\" data-element_type=\"section\">\n\t\t\t\t\t\t<div class=\"elementor-container elementor-column-gap-default\">\n\t\t\t\t\t<div class=\"elementor-column elementor-col-100 elementor-top-column elementor-element elementor-element-d0d2989\" data-id=\"d0d2989\" data-element_type=\"column\">\n\t\t\t<div class=\"elementor-widget-wrap elementor-element-populated\">\n\t\t\t\t\t\t<div class=\"elementor-element elementor-element-c5e0213 elementor-widget elementor-widget-wd_text_block\" data-id=\"c5e0213\" data-element_type=\"widget\" data-widget_type=\"wd_text_block.default\">\n\t\t\t\t<div class=\"elementor-widget-container\">\n\t\t\t\t\t\t\t<div class=\"wd-text-block reset-last-child text-left\">\n\t\t\t\n\t\t\t<p>1) F\u0130RMAMIZDA B\u0130R YILINI DOLDURMU\u015e PERSONEL 14 G\u00dcN YILLIK \u0130Z\u0130N HAKKINA SAH\u0130PT\u0130R.<\/p><p>2) \u00a0ANNE - BABA - E\u015e - \u00c7OCUK VEYA KARDE\u015e G\u0130B\u0130 B\u0130R\u0130NC\u0130 DERECE YAKININI KAYBEDEN B\u0130R YILINI DOLDURMU\u015e, PERSONEL\u0130M\u0130Z 3 G\u00dcN RESM\u0130 \u0130Z\u0130NL\u0130 SAYILIR<\/p><p>3) F\u0130RMAMIZDA B\u0130R YILINI DOLDURMU\u015e PERSONELE \u00c7OCU\u011eU OLMASI DURUMUNDA, F\u0130RMAMIZ TARAFINDAN<a name=\"_GoBack\"><\/a>, 3 G\u00dcN RESM\u0130 \u0130Z\u0130NL\u0130 SAYILACAKTIR.<\/p><p>4) F\u0130RMAMIZDA B\u0130R YILINI DOLDURMU\u015e PERSONELE EVL\u0130L\u0130\u011e\u0130 DURUMUNDA, F\u0130RMAMIZ TARAFINDAN, 3 G\u00dcN RESM\u0130 \u0130Z\u0130NL\u0130 SAYILACAKTIR.<\/p><p>5) D\u0130N\u0130 VE M\u0130LL\u0130 BAYRAMLARDA PERSONEL\u0130M\u0130Z DURUMA G\u00d6RE YA \u0130Z\u0130NL\u0130 SAYILIR YADA \u0130\u015eE GELMES\u0130 GEREKEN \u00a0DURUMLARDA MESA\u0130 \u00dcCRET\u0130 VER\u0130L\u0130R.<\/p><p>6) F\u0130RMAMIZ PAZAR G\u00dcNLER\u0130 KAPALI OLUP, PERSONEL\u0130M\u0130ZE TAT\u0130L G\u00dcN\u00dc SAYILIR.<\/p><p>7) F\u0130RMAMIZDA \u00c7ALI\u015eMAKTA OLAN PERSONEL\u0130M\u0130Z\u0130N DEVLET \u00dcN\u0130VERS\u0130TES\u0130NDE OKUYUP \u015eARTLARINI TA\u015eIYAN \u00c7OCU\u011eU VEYA (\u00c7OCUKLARINA) BURS DESTE\u011e\u0130 VER\u0130L\u0130R.<\/p><p>8) \u00a0RESTORANIMIZ HER YIL RAMAZAN VE KURBAN BAYRAMI BOYUNCA KAPALI OLUP,<\/p><p>PERSONEL\u0130N MAA\u015eINDA KES\u0130NT\u0130 OLMAYACAKTIR.<\/p><p>9) \u00c7ALI\u015eMA SAATLER\u0130 G\u00dcN \u0130\u00c7\u0130NDE 9 SAAT OLUP, 1 SAAT\u0130 ANTRED\u0130R.<\/p><p>10) F\u0130RMAMIZDA 9 SAAT \u00dcZER\u0130NDEK\u0130 \u00c7ALI\u015eMA MESA\u0130 \u00dcCRET\u0130NE TAB\u0130D\u0130R.<\/p><p>11) PERSONEL KIYAFETLER\u0130N\u0130N KURU TEM\u0130ZLEMES\u0130N\u0130 F\u0130RMAMIZ KAR\u015eILAR.<\/p><p>12) PERSONEL\u0130M\u0130Z\u0130N B\u0130R \u00d6\u011e\u00dcN YEME\u011e\u0130 \u0130\u015eLETMEM\u0130ZDE VER\u0130L\u0130R.<\/p><p>13) PERSONEL\u0130M\u0130ZE RESTORAN \u0130\u00c7\u0130 \u00dcR\u00dcN ALIMLARINDA %20 \u0130SKONTO UYGULANIR.<\/p><p>14) F\u0130RMAMIZDA \u00c7ALI\u015eAN PERSONEL\u0130M\u0130ZE MESLEK \u0130\u00c7\u0130 E\u011e\u0130T\u0130M\u0130 VER\u0130L\u0130R, \u00d6ZEL YADA DEVLET B\u00dcNYES\u0130NDE KURSA G\u00d6NDER\u0130LMES\u0130 GEREKEN HALLERDE T\u00dcM KURS MASRAFLARI F\u0130RMAMIZCA KAR\u015eILANIR.<\/p><p>BUNUN SONUCUNDA E\u011e\u0130T\u0130M\u0130 B\u0130TEN PERSONEL\u0130M\u0130Z\u0130N F\u0130RMAMIZDA \u00a0\u00dc\u00c7 YIL \u00c7ALI\u015eMA ZORUNLULU\u011eU VARDIR.<\/p><p>15) F\u0130RMAMIZDA \u00c7ALI\u015eMASI HAL\u0130NDE KALACAK YER\u0130 OLMAYAN PERSONEL\u0130M\u0130ZE EV TEM\u0130N\u0130 \u0130\u00c7\u0130N YARDIM ED\u0130L\u0130R.<\/p><p>16) F\u0130RMAMIZDA \u00c7ALI\u015eAN PERSONEL\u0130M\u0130ZE HER HAFTA HAFTALIK MA\u00c7 (HALI SAHA) ETK\u0130NL\u0130\u011e\u0130 D\u00dcZENLEN\u0130R.<\/p><p>17) F\u0130RMAMIZ \u00c7ALI\u015eAN PERSONEL\u0130M\u0130ZE HER YIL SOSYAL ETK\u0130NL\u0130K (P\u0130KN\u0130K - GEZ\u0130 - E\u011eLENCE V.S.) D\u00dcZENLER.<\/p>\n\t\t\t\t\t<\/div>\n\t\t\t\t\t\t<\/div>\n\t\t\t\t<\/div>\n\t\t\t\t\t<\/div>\n\t\t<\/div>\n\t\t\t\t\t<\/div>\n\t\t<\/section>\n\t\t\t\t<\/div>\n\t\t","protected":false},"excerpt":{"rendered":"<p>TRABZON SOFRASI PERSONEL HAKLARI B\u0130LD\u0130RGES\u0130 1) F\u0130RMAMIZDA B\u0130R YILINI DOLDURMU\u015e PERSONEL 14 G\u00dcN YILLIK \u0130Z\u0130N HAKKINA SAH\u0130PT\u0130R. 2) \u00a0ANNE &#8211;<\/p>\n","protected":false},"author":1,"featured_media":0,"parent":0,"menu_order":0,"comment_status":"closed","ping_status":"closed","template":"","meta":{"footnotes":""},"class_list":["post-9347","page","type-page","status-publish","hentry"],"_links":{"self":[{"href":"http:\/\/trabzonsofrasi.com\/index.php\/wp-json\/wp\/v2\/pages\/9347","targetHints":{"allow":["GET"]}}],"collection":[{"href":"http:\/\/trabzonsofrasi.com\/index.php\/wp-json\/wp\/v2\/pages"}],"about":[{"href":"http:\/\/trabzonsofrasi.com\/index.php\/wp-json\/wp\/v2\/types\/page"}],"author":[{"embeddable":true,"href":"http:\/\/trabzonsofrasi.com\/index.php\/wp-json\/wp\/v2\/users\/1"}],"replies":[{"embeddable":true,"href":"http:\/\/trabzonsofrasi.com\/index.php\/wp-json\/wp\/v2\/comments?post=9347"}],"version-history":[{"count":27,"href":"http:\/\/trabzonsofrasi.com\/index.php\/wp-json\/wp\/v2\/pages\/9347\/revisions"}],"predecessor-version":[{"id":9409,"href":"http:\/\/trabzonsofrasi.com\/index.php\/wp-json\/wp\/v2\/pages\/9347\/revisions\/9409"}],"wp:attachment":[{"href":"http:\/\/trabzonsofrasi.com\/index.php\/wp-json\/wp\/v2\/media?parent=9347"}],"curies":[{"name":"wp","href":"https:\/\/api.w.org\/{rel}","templated":true}]}}