{"id":9067,"date":"2023-05-30T19:25:39","date_gmt":"2023-05-30T16:25:39","guid":{"rendered":"http:\/\/trabzonsofrasi.com\/?page_id=9067"},"modified":"2023-05-30T20:51:47","modified_gmt":"2023-05-30T17:51:47","slug":"balik-cesitleri","status":"publish","type":"page","link":"http:\/\/trabzonsofrasi.com\/index.php\/balik-cesitleri\/","title":{"rendered":"Bal\u0131k \u00c7e\u015fitleri"},"content":{"rendered":"\t\t<div data-elementor-type=\"wp-page\" data-elementor-id=\"9067\" class=\"elementor elementor-9067\">\n\t\t\t\t\t\t<section class=\"elementor-section elementor-top-section elementor-element elementor-element-56cc79cf elementor-section-boxed elementor-section-height-default elementor-section-height-default wd-section-disabled\" data-id=\"56cc79cf\" data-element_type=\"section\">\n\t\t\t\t\t\t<div class=\"elementor-container elementor-column-gap-default\">\n\t\t\t\t\t<div class=\"elementor-column elementor-col-33 elementor-top-column elementor-element elementor-element-573075ec\" data-id=\"573075ec\" data-element_type=\"column\">\n\t\t\t<div class=\"elementor-widget-wrap elementor-element-populated\">\n\t\t\t\t\t\t<div class=\"elementor-element elementor-element-22a48ca8 elementor-position-top elementor-widget elementor-widget-image-box\" data-id=\"22a48ca8\" data-element_type=\"widget\" data-widget_type=\"image-box.default\">\n\t\t\t\t<div class=\"elementor-widget-container\">\n\t\t\t\t\t<div class=\"elementor-image-box-wrapper\"><figure class=\"elementor-image-box-img\"><img decoding=\"async\" src=\"http:\/\/trabzonsofrasi.com\/wp-content\/uploads\/elementor\/thumbs\/908-gorsel-yok-1-q6ee76tsrcrhhlzlywb9tvstu857dax7j58i3x89ls.png\" title=\"908-gorsel-yok-1\" alt=\"908-gorsel-yok-1\" loading=\"lazy\" \/><\/figure><div class=\"elementor-image-box-content\"><h3 class=\"elementor-image-box-title\">Hamsi Tava <\/h3><\/div><\/div>\t\t\t\t<\/div>\n\t\t\t\t<\/div>\n\t\t\t\t\t<\/div>\n\t\t<\/div>\n\t\t\t\t<div class=\"elementor-column elementor-col-33 elementor-top-column elementor-element elementor-element-77517263\" data-id=\"77517263\" data-element_type=\"column\">\n\t\t\t<div class=\"elementor-widget-wrap elementor-element-populated\">\n\t\t\t\t\t\t<div class=\"elementor-element elementor-element-7f2ace5a elementor-position-top elementor-widget elementor-widget-image-box\" data-id=\"7f2ace5a\" data-element_type=\"widget\" data-widget_type=\"image-box.default\">\n\t\t\t\t<div class=\"elementor-widget-container\">\n\t\t\t\t\t<div class=\"elementor-image-box-wrapper\"><figure class=\"elementor-image-box-img\"><img decoding=\"async\" src=\"http:\/\/trabzonsofrasi.com\/wp-content\/uploads\/elementor\/thumbs\/908-gorsel-yok-1-q6ee76tsrcrhhlzlywb9tvstu857dax7j58i3x89ls.png\" title=\"908-gorsel-yok-1\" alt=\"908-gorsel-yok-1\" loading=\"lazy\" \/><\/figure><div class=\"elementor-image-box-content\"><h3 class=\"elementor-image-box-title\">Hamsi \u00c7itlama <\/h3><\/div><\/div>\t\t\t\t<\/div>\n\t\t\t\t<\/div>\n\t\t\t\t\t<\/div>\n\t\t<\/div>\n\t\t\t\t<div class=\"elementor-column elementor-col-33 elementor-top-column elementor-element elementor-element-28473e62\" data-id=\"28473e62\" data-element_type=\"column\">\n\t\t\t<div class=\"elementor-widget-wrap elementor-element-populated\">\n\t\t\t\t\t\t<div class=\"elementor-element elementor-element-30010df5 elementor-position-top elementor-widget elementor-widget-image-box\" data-id=\"30010df5\" data-element_type=\"widget\" data-widget_type=\"image-box.default\">\n\t\t\t\t<div class=\"elementor-widget-container\">\n\t\t\t\t\t<div class=\"elementor-image-box-wrapper\"><figure class=\"elementor-image-box-img\"><img decoding=\"async\" src=\"http:\/\/trabzonsofrasi.com\/wp-content\/uploads\/elementor\/thumbs\/908-gorsel-yok-1-q6ee76tsrcrhhlzlywb9tvstu857dax7j58i3x89ls.png\" title=\"908-gorsel-yok-1\" alt=\"908-gorsel-yok-1\" loading=\"lazy\" \/><\/figure><div class=\"elementor-image-box-content\"><h3 class=\"elementor-image-box-title\">Hamsi Bu\u011fulama ( Kiremitte )<\/h3><\/div><\/div>\t\t\t\t<\/div>\n\t\t\t\t<\/div>\n\t\t\t\t\t<\/div>\n\t\t<\/div>\n\t\t\t\t\t<\/div>\n\t\t<\/section>\n\t\t\t\t<section class=\"elementor-section elementor-top-section elementor-element elementor-element-68e70df elementor-section-boxed elementor-section-height-default elementor-section-height-default wd-section-disabled\" data-id=\"68e70df\" data-element_type=\"section\">\n\t\t\t\t\t\t<div class=\"elementor-container elementor-column-gap-default\">\n\t\t\t\t\t<div class=\"elementor-column elementor-col-33 elementor-top-column elementor-element elementor-element-c6b375b\" data-id=\"c6b375b\" data-element_type=\"column\">\n\t\t\t<div class=\"elementor-widget-wrap elementor-element-populated\">\n\t\t\t\t\t\t<div class=\"elementor-element elementor-element-e97a448 elementor-position-top elementor-widget elementor-widget-image-box\" data-id=\"e97a448\" data-element_type=\"widget\" data-widget_type=\"image-box.default\">\n\t\t\t\t<div class=\"elementor-widget-container\">\n\t\t\t\t\t<div class=\"elementor-image-box-wrapper\"><figure class=\"elementor-image-box-img\"><img decoding=\"async\" src=\"http:\/\/trabzonsofrasi.com\/wp-content\/uploads\/elementor\/thumbs\/908-gorsel-yok-1-q6ee76tsrcrhhlzlywb9tvstu857dax7j58i3x89ls.png\" title=\"908-gorsel-yok-1\" alt=\"908-gorsel-yok-1\" loading=\"lazy\" \/><\/figure><div class=\"elementor-image-box-content\"><h3 class=\"elementor-image-box-title\">Hamsili Pilav <\/h3><\/div><\/div>\t\t\t\t<\/div>\n\t\t\t\t<\/div>\n\t\t\t\t\t<\/div>\n\t\t<\/div>\n\t\t\t\t<div class=\"elementor-column elementor-col-33 elementor-top-column elementor-element elementor-element-2899c00\" data-id=\"2899c00\" data-element_type=\"column\">\n\t\t\t<div class=\"elementor-widget-wrap\">\n\t\t\t\t\t\t\t<\/div>\n\t\t<\/div>\n\t\t\t\t<div class=\"elementor-column elementor-col-33 elementor-top-column elementor-element elementor-element-ce0779c\" data-id=\"ce0779c\" data-element_type=\"column\">\n\t\t\t<div class=\"elementor-widget-wrap\">\n\t\t\t\t\t\t\t<\/div>\n\t\t<\/div>\n\t\t\t\t\t<\/div>\n\t\t<\/section>\n\t\t\t\t<\/div>\n\t\t","protected":false},"excerpt":{"rendered":"<p>Hamsi Tava Hamsi \u00c7itlama Hamsi Bu\u011fulama ( Kiremitte ) Hamsili Pilav<\/p>\n","protected":false},"author":1,"featured_media":0,"parent":0,"menu_order":0,"comment_status":"closed","ping_status":"closed","template":"","meta":{"footnotes":""},"class_list":["post-9067","page","type-page","status-publish","hentry"],"_links":{"self":[{"href":"http:\/\/trabzonsofrasi.com\/index.php\/wp-json\/wp\/v2\/pages\/9067","targetHints":{"allow":["GET"]}}],"collection":[{"href":"http:\/\/trabzonsofrasi.com\/index.php\/wp-json\/wp\/v2\/pages"}],"about":[{"href":"http:\/\/trabzonsofrasi.com\/index.php\/wp-json\/wp\/v2\/types\/page"}],"author":[{"embeddable":true,"href":"http:\/\/trabzonsofrasi.com\/index.php\/wp-json\/wp\/v2\/users\/1"}],"replies":[{"embeddable":true,"href":"http:\/\/trabzonsofrasi.com\/index.php\/wp-json\/wp\/v2\/comments?post=9067"}],"version-history":[{"count":4,"href":"http:\/\/trabzonsofrasi.com\/index.php\/wp-json\/wp\/v2\/pages\/9067\/revisions"}],"predecessor-version":[{"id":9118,"href":"http:\/\/trabzonsofrasi.com\/index.php\/wp-json\/wp\/v2\/pages\/9067\/revisions\/9118"}],"wp:attachment":[{"href":"http:\/\/trabzonsofrasi.com\/index.php\/wp-json\/wp\/v2\/media?parent=9067"}],"curies":[{"name":"wp","href":"https:\/\/api.w.org\/{rel}","templated":true}]}}